{"id":3546,"date":"2020-12-15T00:44:48","date_gmt":"2020-12-14T23:44:48","guid":{"rendered":"https:\/\/pincheiro.es\/environment\/"},"modified":"2025-05-18T14:49:31","modified_gmt":"2025-05-18T12:49:31","slug":"environment","status":"publish","type":"page","link":"https:\/\/pincheiro.es\/en\/environment\/","title":{"rendered":"Environment"},"content":{"rendered":"<div class=\"wpb-content-wrapper\"><p>[vc_row full_width=&#8221;stretch_row_content_no_spaces&#8221; uniqid=&#8221;5eea14ea24b7c&#8221;][vc_column]\t\t<div class=\"image-slider-block image-slider-5ee9b5de712d5\">\n\t\t\t\t\t\t\t<div class=\"swiper-container\">\n\t\t\t\t\t\t\t\t\t\t\t<div class=\"prev base-icon-prev\"><\/div>\n\t\t\t\t\t\t<div class=\"next base-icon-next\"><\/div>\n\t\t\t\t\t\t\t\t\t\t\t<div class=\"swiper-dots\"><\/div>\n\t\t\t\t\t\t\t\t\t\t<div class=\"swiper-wrapper\">\n\t\t\t\t\t\t\t\t\t\t\t\t\t<div class=\"swiper-slide\" style=\"background-image: url(https:\/\/pincheiro.es\/wp-content\/uploads\/2021\/03\/Entorno2.jpg);\"><\/div>\n\t\t\t\t\t\t\t\t\t\t\t\t\t<div class=\"swiper-slide\" style=\"background-image: url(https:\/\/pincheiro.es\/wp-content\/uploads\/2021\/03\/Entorno3.jpg);\"><\/div>\n\t\t\t\t\t\t\t\t\t\t\t\t\t<div class=\"swiper-slide\" style=\"background-image: url(https:\/\/pincheiro.es\/wp-content\/uploads\/2021\/03\/Entorno1.jpg);\"><\/div>\n\t\t\t\t\t\t\t\t\t\t\t<\/div>\n\t\t\t\t\t<div class=\"progress-line\"><div><\/div><\/div>\n\t\t\t\t<\/div>\n\t\t\t\t\t\t<div class=\"content-block\">\n\t\t\t\t<div class=\"container\">\n\t\t\t\t\t<div class=\"content\">\n\t\t\t\t\t\t\t\t\t\t\t\t\t<h2 class=\"heading\">Our Environments<\/h2>\n\t\t\t\t\t\t\t\t\t\t\t\t\t<div class=\"text\">From our blog, you can learn about our surroundings, traditional festivals, Pincheiro AT activities, and much more! Something tells me you'll be eager to come and meet us.<\/div>\n\t\t\t\t\t\t\t\t\t\t\t<\/div>\n\t\t\t\t\t<div class=\"right\">\n\t\t\t\t\t\t\t\t\t\t\t\t<div class=\"bottom\">\n\t\t\t\t\t\t\t\t\t\t\t\t\t\t\t<div class=\"social-links\">\n\t\t\t\t\t\t\t\t\t<div class=\"label\">Follow us:<\/div>\n\t\t\t\t\t\t\t\t\t<a href=\"https:\/\/www.facebook.com\/PincheiroApartamentosTuristicos\" target=\"_self\"><i class=\"base-icon-facebook\"><\/i><\/a><a href=\"https:\/\/www.instagram.com\/pincheiroat\/\" target=\"_self\"><i class=\"base-icon-instagram\"><\/i><\/a><a href=\"https:\/\/www.youtube.com\/channel\/UCbi1gk_jfsJAha0HpqwY0AQ\/featured\" target=\"_self\"><i class=\"fab fa-youtube\"><\/i><\/a><a href=\"https:\/\/api.whatsapp.com\/send?phone=34698173888&#038;text=Hola.%20Querr\u00eda%20obtener%20m\u00e1s%20informaci\u00f3n%20de%20Pincheiro%20Apartamentos%20Tur\u00edsticos.%20\" target=\"_self\"><i class=\"fab fa-whatsapp\"><\/i><\/a>\t\t\t\t\t\t\t\t<\/div>\n\t\t\t\t\t\t\t\t\t\t\t\t\t<\/div>\n\t\t\t\t\t<\/div>\n\t\t\t\t<\/div>\n\t\t\t<\/div>\n\t\t<\/div>\n\t\t[\/vc_column][\/vc_row][vc_row][vc_column width=&#8221;2\/3&#8243;]\t\t\t\t<div class=\"blog-block filter-block blog-5efd72bf549c4\">\n\t\t\t\t\t\t\t\t\t\t\t<div class=\"filter-buttons tac\">\n\t\t\t\t\t\t\t\t<div class=\"wrap\">\n\t\t\t\t\t\t\t\t\t<button class=\"button current\" data-filter=\"*\">\n\t\t\t\t\t\t\t\t\t\t<span>All<\/span>\n\t\t\t\t\t\t\t\t\t<\/button>\n\t\t\t\t\t\t\t\t\t\t\t\t\t\t\t\t\t\t\t<button class=\"button\" data-filter=\".category-beaches\">\n\t\t\t\t\t\t\t\t\t\t\t<span>Beaches<\/span>\n\t\t\t\t\t\t\t\t\t\t<\/button>\n\t\t\t\t\t\t\t\t\t\t\t\t\t\t\t\t\t\t\t<button class=\"button\" data-filter=\".category-gastronomy\">\n\t\t\t\t\t\t\t\t\t\t\t<span>Gastronomy<\/span>\n\t\t\t\t\t\t\t\t\t\t<\/button>\n\t\t\t\t\t\t\t\t\t\t\t\t\t\t\t\t\t\t\t<button class=\"button\" data-filter=\".category-pobra-heritage\">\n\t\t\t\t\t\t\t\t\t\t\t<span>Pobra's Heritage<\/span>\n\t\t\t\t\t\t\t\t\t\t<\/button>\n\t\t\t\t\t\t\t\t\t\t\t\t\t\t\t\t\t\t\t<button class=\"button\" data-filter=\".category-pobra-popular-festivities\">\n\t\t\t\t\t\t\t\t\t\t\t<span>Pobra's Popular Festivities<\/span>\n\t\t\t\t\t\t\t\t\t\t<\/button>\n\t\t\t\t\t\t\t\t\t\t\t\t\t\t\t\t\t<\/div>\n\t\t\t\t\t\t\t<\/div>\n\t\t\t\t\t\t\t\t\t\t<div class=\"blog-items row isotope blog-grid load-wrap\">\n\t\t\t\t\t\t<div class=\"grid-sizer col-1\"><\/div>\n\t\t\t\t\t\t\t\t\t<article class=\"blog-item category-patrimonio-de-pobra category-pobra-heritage  col-12 col-md-6 istp-item\">\n\t\t\t\t<div class=\"wrap\">\n\t\t\t\t\t\t\t\t\t\t\t<div class=\"img\">\n\t\t\t\t\t\t\t\t\t\t\t\t\t\t\t<div class=\"author-info-block\">\n\t\t\t\t\t\t\t\t\t<div class=\"avatar\" style=\"background-image: url(https:\/\/pincheiro.es\/wp-content\/uploads\/2020\/11\/logo_pequeno-100x100.png)\"><\/div>\n\t\t\t\t\t\t\t\t\t<div class=\"content\">\n\t\t\t\t\t\t\t\t\t\t<div class=\"name\">Pincheiro<\/div>\n\t\t\t\t\t\t\t\t\t\t\t\t\t\t\t\t\t\t\t\t\t<div class=\"date\">1 de May de 2021<\/div>\n\t\t\t\t\t\t\t\t\t\t\t\t\t\t\t\t\t\t\t<\/div>\n\t\t\t\t\t\t\t\t<\/div>\n\t\t\t\t\t\t\t\t\t\t\t\t\t\t\t<a href=\"https:\/\/pincheiro.es\/en\/chapels-in-pobra-do-caraminal\/\" style=\"background-image: url(https:\/\/pincheiro.es\/wp-content\/uploads\/2021\/03\/vixe-do-monte-1024x684.jpg)\"><\/a>\n\t\t\t\t\t\t\t\t\t\t\t\t\t<\/div>\n\t\t\t\t\t\t\t\t\t\t\t<div class=\"categories\">Patrimonio de Pobra, Pobra's Heritage<\/div>\n\t\t\t\t\t\t\t\t\t\t\t<a class=\"title\" href=\"https:\/\/pincheiro.es\/en\/chapels-in-pobra-do-caraminal\/\">CHAPELS IN POBRA DO CARAMI\u00d1AL<\/a>\n\t\t\t\t\t\t\t\t\t\t\t<div class=\"desc\">Chapel of the XVII ordered to build by Gregorio Perez de Ageitos, of square plant and granite walls and barrel vault. Inside th...<\/div>\n\t\t\t\t\t\t\t\t\t\t\t<div class=\"button\">\n\t\t\t\t\t\t\t<a href=\"https:\/\/pincheiro.es\/en\/chapels-in-pobra-do-caraminal\/\" class=\"readmore-link button-style2\">\n\t\t\t\t\t\t\t\t<span>Read more<\/span>\n\t\t\t\t\t\t\t\t<i class=\"base-icon-next-2\"><\/i>\n\t\t\t\t\t\t\t<\/a>\n\t\t\t\t\t\t<\/div>\n\t\t\t\t\t\t\t\t\t<\/div>\n\t\t\t<\/article>\n\t\t\t\t\t<article class=\"blog-item category-pobra-heritage  col-12 col-md-6 istp-item\">\n\t\t\t\t<div class=\"wrap\">\n\t\t\t\t\t\t\t\t\t\t\t<div class=\"img\">\n\t\t\t\t\t\t\t\t\t\t\t\t\t\t\t<div class=\"author-info-block\">\n\t\t\t\t\t\t\t\t\t<div class=\"avatar\" style=\"background-image: url(https:\/\/pincheiro.es\/wp-content\/uploads\/2020\/11\/logo_pequeno-100x100.png)\"><\/div>\n\t\t\t\t\t\t\t\t\t<div class=\"content\">\n\t\t\t\t\t\t\t\t\t\t<div class=\"name\">Pincheiro<\/div>\n\t\t\t\t\t\t\t\t\t\t\t\t\t\t\t\t\t\t\t\t\t<div class=\"date\">1 de May de 2021<\/div>\n\t\t\t\t\t\t\t\t\t\t\t\t\t\t\t\t\t\t\t<\/div>\n\t\t\t\t\t\t\t\t<\/div>\n\t\t\t\t\t\t\t\t\t\t\t\t\t\t\t<a href=\"https:\/\/pincheiro.es\/en\/monasteries-in-pobra-do-caraminal\/\" style=\"background-image: url(https:\/\/pincheiro.es\/wp-content\/uploads\/2019\/04\/encabezado-monasterios-1024x684.jpg)\"><\/a>\n\t\t\t\t\t\t\t\t\t\t\t\t\t<\/div>\n\t\t\t\t\t\t\t\t\t\t\t<div class=\"categories\">Pobra's Heritage<\/div>\n\t\t\t\t\t\t\t\t\t\t\t<a class=\"title\" href=\"https:\/\/pincheiro.es\/en\/monasteries-in-pobra-do-caraminal\/\">MONASTERIES IN POBRA DO CARAMI\u00d1AL<\/a>\n\t\t\t\t\t\t\t\t\t\t\t<div class=\"desc\">It is located right at the crossroads of the rivers Pedras and Barbanza, a few meters from the Roman bridge, in the natural poo...<\/div>\n\t\t\t\t\t\t\t\t\t\t\t<div class=\"button\">\n\t\t\t\t\t\t\t<a href=\"https:\/\/pincheiro.es\/en\/monasteries-in-pobra-do-caraminal\/\" class=\"readmore-link button-style2\">\n\t\t\t\t\t\t\t\t<span>Read more<\/span>\n\t\t\t\t\t\t\t\t<i class=\"base-icon-next-2\"><\/i>\n\t\t\t\t\t\t\t<\/a>\n\t\t\t\t\t\t<\/div>\n\t\t\t\t\t\t\t\t\t<\/div>\n\t\t\t<\/article>\n\t\t\t\t\t<article class=\"blog-item category-pobra-heritage  col-12 col-md-6 istp-item\">\n\t\t\t\t<div class=\"wrap\">\n\t\t\t\t\t\t\t\t\t\t\t<div class=\"img\">\n\t\t\t\t\t\t\t\t\t\t\t\t\t\t\t<div class=\"author-info-block\">\n\t\t\t\t\t\t\t\t\t<div class=\"avatar\" style=\"background-image: url(https:\/\/pincheiro.es\/wp-content\/uploads\/2020\/11\/logo_pequeno-100x100.png)\"><\/div>\n\t\t\t\t\t\t\t\t\t<div class=\"content\">\n\t\t\t\t\t\t\t\t\t\t<div class=\"name\">Pincheiro<\/div>\n\t\t\t\t\t\t\t\t\t\t\t\t\t\t\t\t\t\t\t\t\t<div class=\"date\">1 de May de 2021<\/div>\n\t\t\t\t\t\t\t\t\t\t\t\t\t\t\t\t\t\t\t<\/div>\n\t\t\t\t\t\t\t\t<\/div>\n\t\t\t\t\t\t\t\t\t\t\t\t\t\t\t<a href=\"https:\/\/pincheiro.es\/en\/crossroads-of-pobra-do-caraminal\/\" style=\"background-image: url(https:\/\/pincheiro.es\/wp-content\/uploads\/2019\/04\/encabezado-cruceiros-1024x684.jpg)\"><\/a>\n\t\t\t\t\t\t\t\t\t\t\t\t\t<\/div>\n\t\t\t\t\t\t\t\t\t\t\t<div class=\"categories\">Pobra's Heritage<\/div>\n\t\t\t\t\t\t\t\t\t\t\t<a class=\"title\" href=\"https:\/\/pincheiro.es\/en\/crossroads-of-pobra-do-caraminal\/\">CROSSROADS OF POBRA DO CARAMI\u00d1AL<\/a>\n\t\t\t\t\t\t\t\t\t\t\t<div class=\"desc\">A Pobra do Carami\u00f1al contains in its municipality more than 30 crossroads. Some of them have a very singular artistic and devot...<\/div>\n\t\t\t\t\t\t\t\t\t\t\t<div class=\"button\">\n\t\t\t\t\t\t\t<a href=\"https:\/\/pincheiro.es\/en\/crossroads-of-pobra-do-caraminal\/\" class=\"readmore-link button-style2\">\n\t\t\t\t\t\t\t\t<span>Read more<\/span>\n\t\t\t\t\t\t\t\t<i class=\"base-icon-next-2\"><\/i>\n\t\t\t\t\t\t\t<\/a>\n\t\t\t\t\t\t<\/div>\n\t\t\t\t\t\t\t\t\t<\/div>\n\t\t\t<\/article>\n\t\t\t\t\t<article class=\"blog-item category-pobra-heritage  col-12 col-md-6 istp-item\">\n\t\t\t\t<div class=\"wrap\">\n\t\t\t\t\t\t\t\t\t\t\t<div class=\"img\">\n\t\t\t\t\t\t\t\t\t\t\t\t\t\t\t<div class=\"author-info-block\">\n\t\t\t\t\t\t\t\t\t<div class=\"avatar\" style=\"background-image: url(https:\/\/pincheiro.es\/wp-content\/uploads\/2020\/11\/logo_pequeno-100x100.png)\"><\/div>\n\t\t\t\t\t\t\t\t\t<div class=\"content\">\n\t\t\t\t\t\t\t\t\t\t<div class=\"name\">Pincheiro<\/div>\n\t\t\t\t\t\t\t\t\t\t\t\t\t\t\t\t\t\t\t\t\t<div class=\"date\">1 de May de 2021<\/div>\n\t\t\t\t\t\t\t\t\t\t\t\t\t\t\t\t\t\t\t<\/div>\n\t\t\t\t\t\t\t\t<\/div>\n\t\t\t\t\t\t\t\t\t\t\t\t\t\t\t<a href=\"https:\/\/pincheiro.es\/en\/churches-of-pobra-do-caraminal\/\" style=\"background-image: url(https:\/\/pincheiro.es\/wp-content\/uploads\/2019\/04\/encabezado-iglesias-1024x684.jpg)\"><\/a>\n\t\t\t\t\t\t\t\t\t\t\t\t\t<\/div>\n\t\t\t\t\t\t\t\t\t\t\t<div class=\"categories\">Pobra's Heritage<\/div>\n\t\t\t\t\t\t\t\t\t\t\t<a class=\"title\" href=\"https:\/\/pincheiro.es\/en\/churches-of-pobra-do-caraminal\/\">CHURCHES OF POBRA DO CARAMI\u00d1AL<\/a>\n\t\t\t\t\t\t\t\t\t\t\t<div class=\"desc\">One of the great architectural jewels of Pobra. Its history and tradition place this temple with one foot in the Middle Ages an...<\/div>\n\t\t\t\t\t\t\t\t\t\t\t<div class=\"button\">\n\t\t\t\t\t\t\t<a href=\"https:\/\/pincheiro.es\/en\/churches-of-pobra-do-caraminal\/\" class=\"readmore-link button-style2\">\n\t\t\t\t\t\t\t\t<span>Read more<\/span>\n\t\t\t\t\t\t\t\t<i class=\"base-icon-next-2\"><\/i>\n\t\t\t\t\t\t\t<\/a>\n\t\t\t\t\t\t<\/div>\n\t\t\t\t\t\t\t\t\t<\/div>\n\t\t\t<\/article>\n\t\t\t\t\t<article class=\"blog-item category-beaches  col-12 col-md-6 istp-item\">\n\t\t\t\t<div class=\"wrap\">\n\t\t\t\t\t\t\t\t\t\t\t<div class=\"img\">\n\t\t\t\t\t\t\t\t\t\t\t\t\t\t\t<div class=\"author-info-block\">\n\t\t\t\t\t\t\t\t\t<div class=\"avatar\" style=\"background-image: url(https:\/\/pincheiro.es\/wp-content\/uploads\/2020\/11\/logo_pequeno-100x100.png)\"><\/div>\n\t\t\t\t\t\t\t\t\t<div class=\"content\">\n\t\t\t\t\t\t\t\t\t\t<div class=\"name\">Pincheiro<\/div>\n\t\t\t\t\t\t\t\t\t\t\t\t\t\t\t\t\t\t\t\t\t<div class=\"date\">1 de May de 2021<\/div>\n\t\t\t\t\t\t\t\t\t\t\t\t\t\t\t\t\t\t\t<\/div>\n\t\t\t\t\t\t\t\t<\/div>\n\t\t\t\t\t\t\t\t\t\t\t\t\t\t\t<a href=\"https:\/\/pincheiro.es\/en\/beaches-of-pobra-do-caraminal\/\" style=\"background-image: url(https:\/\/pincheiro.es\/wp-content\/uploads\/2019\/04\/playas-pobra-1024x684.jpg)\"><\/a>\n\t\t\t\t\t\t\t\t\t\t\t\t\t<\/div>\n\t\t\t\t\t\t\t\t\t\t\t<div class=\"categories\">Beaches<\/div>\n\t\t\t\t\t\t\t\t\t\t\t<a class=\"title\" href=\"https:\/\/pincheiro.es\/en\/beaches-of-pobra-do-caraminal\/\">BEACHES OF POBRA DO CARAMI\u00d1AL - 1<\/a>\n\t\t\t\t\t\t\t\t\t\t\t<div class=\"desc\">A Pobra do Carami\u00f1al has 7,130 metres of beaches. where you can find extraordinary sandy beaches, some of them virgin, others a...<\/div>\n\t\t\t\t\t\t\t\t\t\t\t<div class=\"button\">\n\t\t\t\t\t\t\t<a href=\"https:\/\/pincheiro.es\/en\/beaches-of-pobra-do-caraminal\/\" class=\"readmore-link button-style2\">\n\t\t\t\t\t\t\t\t<span>Read more<\/span>\n\t\t\t\t\t\t\t\t<i class=\"base-icon-next-2\"><\/i>\n\t\t\t\t\t\t\t<\/a>\n\t\t\t\t\t\t<\/div>\n\t\t\t\t\t\t\t\t\t<\/div>\n\t\t\t<\/article>\n\t\t\t\t\t<article class=\"blog-item category-beaches  col-12 col-md-6 istp-item\">\n\t\t\t\t<div class=\"wrap\">\n\t\t\t\t\t\t\t\t\t\t\t<div class=\"img\">\n\t\t\t\t\t\t\t\t\t\t\t\t\t\t\t<div class=\"author-info-block\">\n\t\t\t\t\t\t\t\t\t<div class=\"avatar\" style=\"background-image: url(https:\/\/pincheiro.es\/wp-content\/uploads\/2020\/11\/logo_pequeno-100x100.png)\"><\/div>\n\t\t\t\t\t\t\t\t\t<div class=\"content\">\n\t\t\t\t\t\t\t\t\t\t<div class=\"name\">Pincheiro<\/div>\n\t\t\t\t\t\t\t\t\t\t\t\t\t\t\t\t\t\t\t\t\t<div class=\"date\">3 de May de 2021<\/div>\n\t\t\t\t\t\t\t\t\t\t\t\t\t\t\t\t\t\t\t<\/div>\n\t\t\t\t\t\t\t\t<\/div>\n\t\t\t\t\t\t\t\t\t\t\t\t\t\t\t<a href=\"https:\/\/pincheiro.es\/en\/pobra-do-caraminal-beaches-2\/\" style=\"background-image: url(https:\/\/pincheiro.es\/wp-content\/uploads\/2019\/12\/Playa2-1024x684.jpg)\"><\/a>\n\t\t\t\t\t\t\t\t\t\t\t\t\t<\/div>\n\t\t\t\t\t\t\t\t\t\t\t<div class=\"categories\">Beaches<\/div>\n\t\t\t\t\t\t\t\t\t\t\t<a class=\"title\" href=\"https:\/\/pincheiro.es\/en\/pobra-do-caraminal-beaches-2\/\">BEACHES OF POBRA DO CARAMI\u00d1AL - 2<\/a>\n\t\t\t\t\t\t\t\t\t\t\t<div class=\"desc\">Once past the town center, heading northwest, a series of small beaches begin, which we list in the following 10 points. They a...<\/div>\n\t\t\t\t\t\t\t\t\t\t\t<div class=\"button\">\n\t\t\t\t\t\t\t<a href=\"https:\/\/pincheiro.es\/en\/pobra-do-caraminal-beaches-2\/\" class=\"readmore-link button-style2\">\n\t\t\t\t\t\t\t\t<span>Read more<\/span>\n\t\t\t\t\t\t\t\t<i class=\"base-icon-next-2\"><\/i>\n\t\t\t\t\t\t\t<\/a>\n\t\t\t\t\t\t<\/div>\n\t\t\t\t\t\t\t\t\t<\/div>\n\t\t\t<\/article>\n\t\t\t\t\t\t\t<\/div>\n\t\t\t\t\t\t\t\t\t\t\t<div class=\"loadmore-button-block tac\">\n\t\t\t\t\t\t\t<a class=\"loadmore-button button-style1\" data-type=\"grid\" data-action=\"blog\" data-array=\"[{&quot;id&quot;:6497,&quot;cat&quot;:[&quot;pobra-heritage&quot;]},{&quot;id&quot;:6501,&quot;cat&quot;:[&quot;pobra-popular-festivities&quot;]},{&quot;id&quot;:6520,&quot;cat&quot;:[&quot;patrimonio-de-pobra&quot;,&quot;pobra-heritage&quot;]},{&quot;id&quot;:6528,&quot;cat&quot;:[&quot;pobra-heritage&quot;]},{&quot;id&quot;:6546,&quot;cat&quot;:[&quot;pobra-heritage&quot;]},{&quot;id&quot;:6561,&quot;cat&quot;:[&quot;pobra-heritage&quot;]},{&quot;id&quot;:6566,&quot;cat&quot;:[&quot;pobra-heritage&quot;]},{&quot;id&quot;:6574,&quot;cat&quot;:[&quot;gastronomy&quot;]},{&quot;id&quot;:6580,&quot;cat&quot;:[&quot;pobra-popular-festivities&quot;]},{&quot;id&quot;:6588,&quot;cat&quot;:[&quot;pobra-popular-festivities&quot;]}] \" data-count=\"6\" data-atts=\"{&quot;uniqid&quot;:&quot;5efd72bf549c4&quot;,&quot;count_items&quot;:&quot;6&quot;,&quot;type&quot;:&quot;grid&quot;,&quot;cols&quot;:&quot;xs:1,md:2,&quot;,&quot;filter_buttons&quot;:&quot;on&quot;,&quot;filter_buttons_align&quot;:&quot;tac&quot;,&quot;navigation&quot;:&quot;load_more&quot;,&quot;date_format&quot;:&quot;&quot;,&quot;css_animation&quot;:&quot;&quot;,&quot;show_featured_image&quot;:&quot;on&quot;,&quot;show_author&quot;:&quot;on&quot;,&quot;show_heading&quot;:&quot;on&quot;,&quot;show_date&quot;:&quot;on&quot;,&quot;show_categories&quot;:&quot;on&quot;,&quot;show_short_desc&quot;:&quot;on&quot;,&quot;show_read_more&quot;:&quot;on&quot;,&quot;orderby&quot;:&quot;post__in&quot;,&quot;order&quot;:&quot;ASC&quot;,&quot;slider_loop&quot;:&quot;on&quot;,&quot;slider_autoplay&quot;:&quot;on&quot;,&quot;slider_autoplay_timeout&quot;:&quot;5000&quot;,&quot;slider_arrows&quot;:&quot;on&quot;,&quot;slider_dots&quot;:&quot;on&quot;,&quot;slider_counter&quot;:&quot;on&quot;,&quot;source&quot;:&quot;categories&quot;,&quot;items&quot;:&quot;&quot;,&quot;categories&quot;:&quot;17,20,18,19&quot;,&quot;css&quot;:&quot;{}&quot;}\" data-magic-cursor=\"link\">\n\t\t\t\t\t\t\t\t<span>Load more<\/span>\n\t\t\t\t\t\t\t\t<span class=\"load-dots\">\n\t\t\t\t\t\t\t\t\t<em><\/em>\n\t\t\t\t\t\t\t\t<\/span>\n\t\t\t\t\t\t\t<\/a>\n\t\t\t\t\t\t<\/div>\n\t\t\t\t\t\t\t\t\t<\/div>\n\t\t\t[\/vc_column][vc_column width=&#8221;1\/3&#8243;][vc_widget_sidebar sidebar_id=&#8221;blog-sidebar&#8221;][\/vc_column][\/vc_row]<\/p>\n<\/div>","protected":false},"excerpt":{"rendered":"<p>[vc_row full_width=&#8221;stretch_row_content_no_spaces&#8221; uniqid=&#8221;5eea14ea24b7c&#8221;][vc_column][\/vc_column][\/vc_row][vc_row][vc_column width=&#8221;2\/3&#8243;][\/vc_column][vc_column width=&#8221;1\/3&#8243;][vc_widget_sidebar sidebar_id=&#8221;blog-sidebar&#8221;][\/vc_column][\/vc_row]<\/p>\n","protected":false},"author":1,"featured_media":0,"parent":0,"menu_order":0,"comment_status":"closed","ping_status":"closed","template":"template-landing.php","meta":{"_acf_changed":false,"footnotes":""},"class_list":["post-3546","page","type-page","status-publish","hentry"],"acf":[],"_links":{"self":[{"href":"https:\/\/pincheiro.es\/en\/wp-json\/wp\/v2\/pages\/3546","targetHints":{"allow":["GET"]}}],"collection":[{"href":"https:\/\/pincheiro.es\/en\/wp-json\/wp\/v2\/pages"}],"about":[{"href":"https:\/\/pincheiro.es\/en\/wp-json\/wp\/v2\/types\/page"}],"author":[{"embeddable":true,"href":"https:\/\/pincheiro.es\/en\/wp-json\/wp\/v2\/users\/1"}],"replies":[{"embeddable":true,"href":"https:\/\/pincheiro.es\/en\/wp-json\/wp\/v2\/comments?post=3546"}],"version-history":[{"count":3,"href":"https:\/\/pincheiro.es\/en\/wp-json\/wp\/v2\/pages\/3546\/revisions"}],"predecessor-version":[{"id":7617,"href":"https:\/\/pincheiro.es\/en\/wp-json\/wp\/v2\/pages\/3546\/revisions\/7617"}],"wp:attachment":[{"href":"https:\/\/pincheiro.es\/en\/wp-json\/wp\/v2\/media?parent=3546"}],"curies":[{"name":"wp","href":"https:\/\/api.w.org\/{rel}","templated":true}]}}