{"id":3579,"date":"2020-12-15T17:01:33","date_gmt":"2020-12-15T16:01:33","guid":{"rendered":"https:\/\/pincheiro.es\/pincheiro-at-description\/"},"modified":"2023-08-02T14:03:48","modified_gmt":"2023-08-02T12:03:48","slug":"pincheiro-at-description","status":"publish","type":"page","link":"https:\/\/pincheiro.es\/en\/pincheiro-at-description\/","title":{"rendered":"Pincheiro AT Description"},"content":{"rendered":"<div class=\"wpb-content-wrapper\"><p>[vc_row full_width=&#8221;stretch_row_content_no_spaces&#8221; uniqid=&#8221;5ef453a087b49&#8243;][vc_column]\t\t<div class=\"banner-area banner-area-5ef4539667285 banner-style2 stretch-container\">\n\t\t\t<div class=\"banner-slider swiper-container  full-height\">\n\t\t\t\t\t\t\t\t<div class=\"swiper-wrapper\">\n\t\t\t\t\t\t\t<div class=\"swiper-slide\">\n\t\t\t<div class=\"banner-item banner-item-5ef453a648c59 tal middle\">\n\t\t\t\t\t\t\n\t\t<div class=\"bg-overlay\">\t\t\t\t\t\t\t\t\t\t\t\t<div class=\"image\" style=\"background-image: url(https:\/\/pincheiro.es\/wp-content\/uploads\/2021\/03\/A16201.jpg)\"><\/div>\n\t\t\t\t\t\t\t\t\t<\/div>\t\t\t\t<div class=\"container  full-height\">\n\t\t\t\t\t<div class=\"content-row\" style=\"\">\n\t\t\t\t\t\t\t\t\t\t\t\t\t<div class=\"heading-block tal\">\n\t\t\t\t\t\t\t\t\t\t\t\t\t\t\t\t\t<div class=\"h h2\">Pincheiro AT<\/div>\n\t\t\t\t\t\t\t\t\t\t\t\t\t\t\t<\/div>\n\t\t\t\t\t\t\t\t\t\t\t\t\t<div class=\"clear\"><\/div>\n\t\t\t\t\t\t\t<div class=\"text\">Conoce m\u00e1s detalles del complejo de<br \/>\nApartamentos Tur\u00edsticos Pincheiro.<br \/>\nUn lugar que te dejar\u00e1 huella.<\/div>\n\t\t\t\t\t\t\t\t\t\t\t<\/div>\n\t\t\t\t<\/div>\n\t\t\t<\/div>\n\t\t<\/div>\n\t\t\t\t<div class=\"swiper-slide\">\n\t\t\t<div class=\"banner-item banner-item-5fcd6f70ae6db tal middle\">\n\t\t\t\t\t\t\n\t\t<div class=\"bg-overlay\">\t\t\t\t\t\t\t\t\t\t\t\t<div class=\"image\" style=\"background-image: url(https:\/\/pincheiro.es\/wp-content\/uploads\/2021\/03\/Ruta1.jpg)\"><\/div>\n\t\t\t\t\t\t\t\t\t<\/div>\t\t\t\t<div class=\"container  full-height\">\n\t\t\t\t\t<div class=\"content-row\" style=\"\">\n\t\t\t\t\t\t\t\t\t\t\t\t\t<div class=\"heading-block tal\">\n\t\t\t\t\t\t\t\t\t\t\t\t\t\t\t\t\t<div class=\"h h2\">Vive Experiencias<\/div>\n\t\t\t\t\t\t\t\t\t\t\t\t\t\t\t<\/div>\n\t\t\t\t\t\t\t\t\t\t\t\t\t<div class=\"clear\"><\/div>\n\t\t\t\t\t\t\t<div class=\"text\">Conoce nuevas experiencias que Pincheiro AT<br \/>\ncompartir\u00e1 contigo. Te invitamos a disfrutarlas.<\/div>\n\t\t\t\t\t\t\t\t\t\t\t<\/div>\n\t\t\t\t<\/div>\n\t\t\t<\/div>\n\t\t<\/div>\n\t\t\t\t\t\t<\/div>\n\t\t\t\t<div class=\"progress-line autoplay-on\"><div><\/div><\/div>\n\t\t\t<\/div>\n\t\t\t<div class=\"banner-bottom container\">\n\t\t\t\t\t\t\t\t\t\t\t\t\t\t\t<div class=\"social-links\">\n\t\t\t\t\t\t\t<div class=\"label\">Follow us:<\/div>\n\t\t\t\t\t\t\t<a href=\"https:\/\/www.facebook.com\/PincheiroApartamentosTuristicos\" target=\"_self\"><i class=\"base-icon-facebook\"><\/i><\/a><a href=\"https:\/\/www.instagram.com\/pincheiroat\/\" target=\"_self\"><i class=\"base-icon-instagram\"><\/i><\/a><a href=\"https:\/\/www.youtube.com\/channel\/UCbi1gk_jfsJAha0HpqwY0AQ\/featured\" target=\"_self\"><i class=\"fab fa-youtube\"><\/i><\/a><a href=\"https:\/\/api.whatsapp.com\/send?phone=34698173888&#038;text=Hola.%20Querr\u00eda%20obtener%20m\u00e1s%20informaci\u00f3n%20de%20Pincheiro%20Apartamentos%20Tur\u00edsticos.%20\" target=\"_self\"><i class=\"fab fa-whatsapp\"><\/i><\/a>\t\t\t\t\t\t<\/div>\n\t\t\t\t\t\t\t\t\t\t<div class=\"right\">\n\t\t\t\t\t\t\t\t\t\t\t<\/div>\n\t\t\t\t\t\t\t<\/div>\n\t\t\t\t\t\t\t\t\t\t<div class=\"banner-navigation style2\">\n\t\t\t\t\t\t\t\t\t\t\t<div class=\"prev banner-prev base-icon-prev-2\"><\/div>\n\t\t\t\t\t\t<div class=\"next banner-next base-icon-next-2\"><\/div>\n\t\t\t\t\t\t\t\t\t\t\t<div class=\"counter\"><\/div>\n\t\t\t\t\t\t\t\t\t<\/div>\n\t\t\t\t\t\t\t<\/div>\n\t\t[\/vc_column][\/vc_row][vc_row css=&#8221;{&#8220;mobile_portrait&#8220;: {&#8220;padding-top&#8220;: &#8220;90&#8220;,&#8220;padding-bottom&#8220;: &#8220;20&#8220;}}&#8221; uniqid=&#8221;5ef498f596de7&#8243;][vc_column uniqid=&#8221;5ef496dede0aa&#8221;]      <div class=\"heading-block heading-5ef496a4b7764 tac h-h4\">\n                  <h4 class=\"h\">PINCHEIRO AT, UNA EXPERIENCIA<\/h4>\n              <\/div>\n    [vc_column_text el_class=&#8221;text-t1&#8243; uniqid=&#8221;5ef496bc0647a&#8221; css=&#8221;{&#8220;mobile_portrait&#8220;: {&#8220;margin-bottom&#8220;: &#8220;36&#8220;}}&#8221;]<\/p>\n<p style=\"text-align: justify;\">Pincheiro AT est\u00e1 ideado como complejo tur\u00edstico donde los Apartamentos se engloban dentro de una red de servicios, propuestas de calidad, espacios integrados de descanso y relax. Todo ello para que esto no sea un simple alojamiento sino una experiencia tur\u00edstica aut\u00e9ntica y personal.<\/p>\n<p style=\"text-align: justify;\">Picheiro AT funciona como un Hotel de Apartamentos, ubicado, adem\u00e1s, en el centro de Pobra do Carami\u00f1al, en pleno casco urbano e hist\u00f3rico de la villa.<\/p>\n<p style=\"text-align: justify;\">El complejo de apartamentos est\u00e1 formado por un edificio de 5 plantas (s\u00f3tano, baja, primera, segunda y bajocubierta). Est\u00e1 levantado sobre la antigua casa de marineros pincheiros de la familia Neira vinculados a la pesca ininterrumpidamente desde el siglo XVIII. Por eso se trata de recrear en el edificio el estilo marinero de las casas de mar. Observar\u00e1s que la fachada principal es muy especial: se trata de mosaico art\u00edstico de azulejos y piedras que hablan del c\u00f3digo identitario de Pobra, de su historia y sus tradiciones, de los oficios del mar y de la cultura de la pesca.<\/p>\n<p style=\"text-align: justify;\">Es tambi\u00e9n un edificio cuidadoso con el ecosistema pues ofrece toda una estructura de servicios tur\u00edsticos sostenible y respetuosa con el medio ambiente, y con un protocolo de prevenci\u00f3n de pandemias (covid19): utilizamos energ\u00edas renovables (geotermia para fr\u00edo y calor, y para agua caliente central), placas fotovoltaicas, suelos radiantes (calor y fr\u00edo), pavimento interior de gres natural de barro cocido, techos de madera, sistema de renovaci\u00f3n de aire interior en todo el inmueble, s\u00e1banas de algod\u00f3n org\u00e1nico.<\/p>\n<p style=\"text-align: justify;\">La apuesta de Pincheiro por un turismo de experiencia se plasma en un complejo tur\u00edstico integrado de servicios: Apartamentos tur\u00edsticos de dos llaves; Taberna Mari\u00f1eira donde nuestros clientes son protagonistas de la transformaci\u00f3n y degustaci\u00f3n de productos del mar;\u00a0 zona verde con amplio jard\u00edn para el esparcimiento y recreo. De lo que se trata es que Pincheiro sea el lugar id\u00f3neo para el descanso y la desconexi\u00f3n de la vida cotidiana, al tiempo que se convierte en lugar ideal de teletrabajo al contar con una completa red de conexiones digitales y de Internet fibra \u00f3ptica.<\/p>\n<p>[\/vc_column_text][\/vc_column][\/vc_row][vc_row][vc_column][vc_single_image image=&#8221;5298&#8243; img_size=&#8221;full&#8221; alignment=&#8221;center&#8221; style=&#8221;vc_box_shadow_3d&#8221; onclick=&#8221;link_image&#8221;][\/vc_column][\/vc_row][vc_row css=&#8221;{&#8220;mobile_portrait&#8220;: {&#8220;padding-top&#8220;: &#8220;20&#8220;,&#8220;padding-bottom&#8220;: &#8220;70&#8220;}}&#8221; uniqid=&#8221;6047f412195c3&#8243;][vc_column]      <div class=\"heading-block heading-6047f2f9b7497 tac h-h4\">\n                  <h4 class=\"h\">NUESTRO SUE\u00d1O<\/h4>\n              <\/div>\n    [vc_column_text el_class=&#8221;text-t1&#8243; uniqid=&#8221;6047f3150ac8c&#8221; css=&#8221;{&#8220;mobile_portrait&#8220;: {&#8220;margin-bottom&#8220;: &#8220;36&#8220;}}&#8221;]<\/p>\n<p style=\"text-align: justify;\">El sue\u00f1o de Pincheiro AT es aunar para nuestros clientes descanso y experiencias. Te surtimos de material audiovisual especialmente dise\u00f1ado en su forma digital y en su contenido cultural para lograr en ti una verdadera experiencia espiritual. Es mucha la riqueza del patrimonio natural y cultural del Barbanza, y con nuestros productos digitales queremos lograr en ti que puedas vivir las sensaciones aut\u00e9nticas de una cultura, de una espiritualidad milenaria, de un entorno m\u00e1gico, de una naturaleza limpia oreada de aire puro; con nuestra Taberna Mari\u00f1eira pretendemos que la gastronom\u00eda de esta tierra rica en productos del mar extra\u00eddos a pocos metros de Pincheiro est\u00e9 al alcance de tu mano: que observes c\u00f3mo se cultiva, c\u00f3mo se transforma y c\u00f3mo se consume. Todo ello pensado no como servicios tutelados, sino cuidando que t\u00fa puedas autogestionar tu estancia con servicios y propuestas que programamos para que t\u00fa hagas mil y una combinaciones. Y que los apartamentos sean lugar de descanso que te permiten aislarte del mundo y restaurar tu salud interior<\/p>\n<p style=\"text-align: justify;\">La misi\u00f3n y valores de Pincheiro AT son la vocaci\u00f3n de servicio, el descanso, la calidad y el turismo de experiencia. De los cuatro, el servicio \u2014tan arraigado en el car\u00e1cter gallego\u2014 se convertir\u00e1 en el motor de toda esta experiencia que es Pincheiro AT, y as\u00ed satisfacer las expectativas del cliente con vistas a superarlas.<\/p>\n<p style=\"text-align: justify;\">Tras un bonito d\u00eda por la villa, despu\u00e9s de una ruta por la monta\u00f1a o al finalizar de un d\u00eda de playa nadando en la r\u00eda, ser\u00e1 muy agradable volver a tu acogedor apartamento, con un ambiente c\u00e1lido en invierno y fresco en verano, con jard\u00edn para pasear o leer o cenar, con un aula digital, con una cena degustando productos tra\u00eddos de la lonja. Adem\u00e1s, algunos apartamentos tienen terraza, donde podr\u00e1s disfrutar de unas magn\u00edficas vistas a la R\u00eda de Arousa y a la monta\u00f1a.<\/p>\n<p style=\"text-align: justify;\">Estamos en el coraz\u00f3n del pueblo, a 3 minutos a pie de la playa m\u00e1s pr\u00f3xima y a 10 minutos en coche del mirador \u201cLa Curota\u201d considerado, en las votaciones de La Voz de Galicia, el mirador con las mejores vistas de Galicia.<\/p>\n<p style=\"text-align: justify;\">Zona de bares a 3 minutos a pie y varios supermercados a 4 minutos a pie.<br \/>\nNuestra ubicaci\u00f3n hace que puedas disfrutar del relax del d\u00eda y noche.<\/p>\n<p style=\"text-align: justify;\">La inversi\u00f3n realizada con Pincheiro AT contribuye de manera notable al crecimiento econ\u00f3mico del territorio con la creaci\u00f3n de empleo directo e indirecto, con la promoci\u00f3n de los productos del mar y con la puesta en valor de la riqueza Patrimonial<\/p>\n<blockquote>\n<p style=\"text-align: justify;\"><strong>Este proyecto, por su original propuesta de turismo de experiencia ligado al mar, ha merecido la financiaci\u00f3n de la Uni\u00f3n Europea en el marco del fondo europeo mar\u00edtimo y de pesca (FEMP\u00a02014-2020) a trav\u00e9s de una ayuda otorgada al amparo de la estrategia de desarrollo local participativo aprobadas por la Conseller\u00eda del mar de la Xunta de Galicia al Grupo de Acci\u00f3n Local del sector Pesquero \u201cR\u00eda de Arousa\u201d.<\/strong><\/p>\n<\/blockquote>\n<p>[\/vc_column_text][\/vc_column][\/vc_row][vc_row full_width=&#8221;stretch_row&#8221; content_color=&#8221;dark&#8221; pattern_overlay=&#8221;type3&#8243; uniqid=&#8221;5ef485ec98036&#8243; background_color=&#8221;#404040&#8243; pattern_overlay_color=&#8221;#363636&#8243; css=&#8221;{&#8220;mobile_portrait&#8220;: {&#8220;padding-top&#8220;: &#8220;60&#8220;,&#8220;padding-bottom&#8220;: &#8220;30&#8220;,&#8220;undefined&#8220;: &#8220;Clear&#8220;},&#8220;mobile_landscape&#8220;: {&#8220;undefined&#8220;: &#8220;Clear&#8220;},&#8220;tablet_portrait&#8220;: {&#8220;undefined&#8220;: &#8220;Clear&#8220;},&#8220;tablet_landscape&#8220;: {&#8220;undefined&#8220;: &#8220;Clear&#8220;},&#8220;desktop&#8220;: {&#8220;undefined&#8220;: &#8220;Clear&#8220;}}&#8221;][vc_column]      <div class=\"heading-block heading-5fcd7aaa8c00d tal h-h4\">\n                  <h4 class=\"h\">Espacios Comunes<\/h4>\n              <\/div>\n          <div class=\"icon-box-block icon-box-block-5ef4334f649ad\">\n                              <div class=\"nav-arrows\">\n              <div class=\"prev base-icon-prev-2\"><\/div>\n              <div class=\"next base-icon-next-2\"><\/div>\n            <\/div>\n                    <div class=\"swiper-container\">\n            <div class=\"swiper-wrapper\">\n                  <div class=\"swiper-slide\">\n      <div class=\"icon-box icon-box-style-5ef4336f87af6\">\n        <div class=\"icon hotel-icon-reception1\"><\/div>\n        <div class=\"wrap\">\n                      <h6 class=\"title\">Recepci\u00f3n<\/h6>\n                      <div class=\"desc\">Siempre habr\u00e1 alguien que<br \/>\nte reciba en el alojamiento.<\/div>\n                  <\/div>\n      <\/div>\n    <\/div>\n        <div class=\"swiper-slide\">\n      <div class=\"icon-box icon-box-style-5ef433a4c4288\">\n        <div class=\"icon hotel-icon-parking\"><\/div>\n        <div class=\"wrap\">\n                      <h6 class=\"title\">Parking<\/h6>\n                      <div class=\"desc\">Disponemos de plazas privadas<br \/>\nde Parking. Deja tu coche seguro.<\/div>\n                  <\/div>\n      <\/div>\n    <\/div>\n        <div class=\"swiper-slide\">\n      <div class=\"icon-box icon-box-style-5ef433a81e3ee\">\n        <div class=\"icon hotel-icon-dumbbell\"><\/div>\n        <div class=\"wrap\">\n                      <h6 class=\"title\">Gimnasio<\/h6>\n                      <div class=\"desc\">El lugar donde los amantes del<br \/>\ndeporte podr\u00e1n ejercitarse.<\/div>\n                  <\/div>\n      <\/div>\n    <\/div>\n        <div class=\"swiper-slide\">\n      <div class=\"icon-box icon-box-style-5ef433adf9d47\">\n        <div class=\"icon hotel-icon-washer-machine\"><\/div>\n        <div class=\"wrap\">\n                      <h6 class=\"title\">Lavadora<\/h6>\n                      <div class=\"desc\">Autoservicio de lavander\u00eda,<br \/>\npara mantener tus prendas limpias.<\/div>\n                  <\/div>\n      <\/div>\n    <\/div>\n        <div class=\"swiper-slide\">\n      <div class=\"icon-box icon-box-style-5ef433b3b9d37\">\n        <div class=\"icon hotel-icon-washing-machine1\"><\/div>\n        <div class=\"wrap\">\n                      <h6 class=\"title\">Secadora<\/h6>\n                      <div class=\"desc\">Despu\u00e9s de lavar tus prendas<br \/>\nquerr\u00e1s secarlas r\u00e1pidamente.<\/div>\n                  <\/div>\n      <\/div>\n    <\/div>\n        <div class=\"swiper-slide\">\n      <div class=\"icon-box icon-box-style-5fce97a1937e1\">\n        <div class=\"icon hotel-icon-ironing-board\"><\/div>\n        <div class=\"wrap\">\n                      <h6 class=\"title\">Planchadora<\/h6>\n                      <div class=\"desc\">Despu\u00e9s de secar tus prendas<br \/>\nquerr\u00e1s plancharlas. Si\u00e9ntete libre.<\/div>\n                  <\/div>\n      <\/div>\n    <\/div>\n        <div class=\"swiper-slide\">\n      <div class=\"icon-box icon-box-style-5fce96e6d0e29\">\n        <div class=\"icon hotel-icon-business-center\"><\/div>\n        <div class=\"wrap\">\n                      <h6 class=\"title\">Sala Business<\/h6>\n                      <div class=\"desc\">Sala disponible para<br \/>\nreuniones empresariales.<\/div>\n                  <\/div>\n      <\/div>\n    <\/div>\n        <div class=\"swiper-slide\">\n      <div class=\"icon-box icon-box-style-5fce97d3802f7\">\n        <div class=\"icon hotel-icon-booking\"><\/div>\n        <div class=\"wrap\">\n                      <h6 class=\"title\">Sala de Ocio<\/h6>\n                      <div class=\"desc\">Sala compuesta de ordenadores<br \/>\na tu disposici\u00f3n. Si\u00e9ntete libre.<\/div>\n                  <\/div>\n      <\/div>\n    <\/div>\n        <div class=\"swiper-slide\">\n      <div class=\"icon-box icon-box-style-5fce98d7cc32a\">\n        <div class=\"icon hotel-icon-bar\"><\/div>\n        <div class=\"wrap\">\n                      <h6 class=\"title\">Taberna<\/h6>\n                      <div class=\"desc\">Auto-servicio en bebidas<br \/>\ny comida. Te encantar\u00e1.<\/div>\n                  <\/div>\n      <\/div>\n    <\/div>\n        <div class=\"swiper-slide\">\n      <div class=\"icon-box icon-box-style-5fce999dd1510\">\n        <div class=\"icon hotel-icon-plant\"><\/div>\n        <div class=\"wrap\">\n                      <h6 class=\"title\">Zona Verde<\/h6>\n                      <div class=\"desc\">Un jard\u00edn privado, donde podr\u00e1s<br \/>\nrelajarte o tomar algo con los tuyos.<\/div>\n                  <\/div>\n      <\/div>\n    <\/div>\n                <\/div>\n          <\/div>\n              <\/div>\n    [\/vc_column][\/vc_row]<\/p>\n<\/div>","protected":false},"excerpt":{"rendered":"<p>[vc_row full_width=&#8221;stretch_row_content_no_spaces&#8221; uniqid=&#8221;5ef453a087b49&#8243;][vc_column][\/vc_column][\/vc_row][vc_row css=&#8221;{&#8220;mobile_portrait&#8220;: {&#8220;padding-top&#8220;: &#8220;90&#8220;,&#8220;padding-bottom&#8220;: &#8220;20&#8220;}}&#8221; uniqid=&#8221;5ef498f596de7&#8243;][vc_column uniqid=&#8221;5ef496dede0aa&#8221;][vc_column_text el_class=&#8221;text-t1&#8243; uniqid=&#8221;5ef496bc0647a&#8221; css=&#8221;{&#8220;mobile_portrait&#8220;: {&#8220;margin-bottom&#8220;: &#8220;36&#8220;}}&#8221;] Pincheiro AT est\u00e1 ideado como complejo tur\u00edstico donde los Apartamentos se engloban dentro de una red de servicios, propuestas de calidad, espacios integrados de descanso y relax. Todo ello para que esto no sea un simple alojamiento sino una experiencia tur\u00edstica [&hellip;]<\/p>\n","protected":false},"author":1,"featured_media":0,"parent":0,"menu_order":0,"comment_status":"closed","ping_status":"closed","template":"template-landing.php","meta":{"_acf_changed":false,"footnotes":""},"class_list":["post-3579","page","type-page","status-publish","hentry"],"acf":[],"_links":{"self":[{"href":"https:\/\/pincheiro.es\/en\/wp-json\/wp\/v2\/pages\/3579","targetHints":{"allow":["GET"]}}],"collection":[{"href":"https:\/\/pincheiro.es\/en\/wp-json\/wp\/v2\/pages"}],"about":[{"href":"https:\/\/pincheiro.es\/en\/wp-json\/wp\/v2\/types\/page"}],"author":[{"embeddable":true,"href":"https:\/\/pincheiro.es\/en\/wp-json\/wp\/v2\/users\/1"}],"replies":[{"embeddable":true,"href":"https:\/\/pincheiro.es\/en\/wp-json\/wp\/v2\/comments?post=3579"}],"version-history":[{"count":7,"href":"https:\/\/pincheiro.es\/en\/wp-json\/wp\/v2\/pages\/3579\/revisions"}],"predecessor-version":[{"id":7478,"href":"https:\/\/pincheiro.es\/en\/wp-json\/wp\/v2\/pages\/3579\/revisions\/7478"}],"wp:attachment":[{"href":"https:\/\/pincheiro.es\/en\/wp-json\/wp\/v2\/media?parent=3579"}],"curies":[{"name":"wp","href":"https:\/\/api.w.org\/{rel}","templated":true}]}}