{"id":4678,"date":"2020-12-28T23:38:08","date_gmt":"2020-12-28T22:38:08","guid":{"rendered":"https:\/\/pincheiro.es\/privacy-center\/media-credits\/"},"modified":"2021-04-29T19:17:34","modified_gmt":"2021-04-29T17:17:34","slug":"media-credits","status":"publish","type":"page","link":"https:\/\/pincheiro.es\/en\/privacy-center\/media-credits\/","title":{"rendered":"Media Credits"},"content":{"rendered":"<div class=\"wpb-content-wrapper\"><p>[vc_row css=&#8221;{&#8220;mobile_portrait&#8220;: {&#8220;padding-top&#8220;: &#8220;90&#8220;,&#8220;padding-bottom&#8220;: &#8220;70&#8220;,&#8220;undefined&#8220;: &#8220;Clear&#8220;},&#8220;mobile_landscape&#8220;: {&#8220;undefined&#8220;: &#8220;Clear&#8220;},&#8220;tablet_portrait&#8220;: {&#8220;undefined&#8220;: &#8220;Clear&#8220;},&#8220;tablet_landscape&#8220;: {&#8220;undefined&#8220;: &#8220;Clear&#8220;},&#8220;desktop&#8220;: {&#8220;undefined&#8220;: &#8220;Clear&#8220;}}&#8221; uniqid=&#8221;5ef498f596de7&#8243;][vc_column uniqid=&#8221;5ef496dede0aa&#8221;]      <div class=\"heading-block heading-5ef496a4b7764 tal h-h4\">\n                  <h4 class=\"h\">CR\u00c9DITOS DE LOS MEDIOS (FOTOGRAF\u00cdAS- V\u00cdDEOS) \/Copyright<\/h4>\n              <\/div>\n    [vc_column_text el_class=&#8221;text-t1&#8243; uniqid=&#8221;5ef496bc0647a&#8221; css=&#8221;{&#8220;mobile_portrait&#8220;: {&#8220;margin-bottom&#8220;: &#8220;36&#8220;}}&#8221;]All images, both videos and photographs, are the intellectual property of PINCHEIRO APARTAMENTOS TUR\u00cdSTICOS SL, with address in Ant\u00f3n Paz M\u00edguez 7 &#8211; 15940 Pobra do Carami\u00f1al (A Coru\u00f1a) with CIF B70599063.<\/p>\n<p>You can share the media, but in no case sell it, modify it or other use.<\/p>\n<p>PINCHEIRO APARTAMENTOS TUR\u00cdSTICOS SL will take the pertinent legal measures in case of non-compliance with the use of the media.[\/vc_column_text][\/vc_column][\/vc_row]<\/p>\n<\/div>","protected":false},"excerpt":{"rendered":"<p>[vc_row css=&#8221;{&#8220;mobile_portrait&#8220;: {&#8220;padding-top&#8220;: &#8220;90&#8220;,&#8220;padding-bottom&#8220;: &#8220;70&#8220;,&#8220;undefined&#8220;: &#8220;Clear&#8220;},&#8220;mobile_landscape&#8220;: {&#8220;undefined&#8220;: &#8220;Clear&#8220;},&#8220;tablet_portrait&#8220;: {&#8220;undefined&#8220;: &#8220;Clear&#8220;},&#8220;tablet_landscape&#8220;: {&#8220;undefined&#8220;: &#8220;Clear&#8220;},&#8220;desktop&#8220;: {&#8220;undefined&#8220;: &#8220;Clear&#8220;}}&#8221; uniqid=&#8221;5ef498f596de7&#8243;][vc_column uniqid=&#8221;5ef496dede0aa&#8221;][vc_column_text el_class=&#8221;text-t1&#8243; uniqid=&#8221;5ef496bc0647a&#8221; css=&#8221;{&#8220;mobile_portrait&#8220;: {&#8220;margin-bottom&#8220;: &#8220;36&#8220;}}&#8221;]All images, both videos and photographs, are the intellectual property of PINCHEIRO APARTAMENTOS TUR\u00cdSTICOS SL, with address in Ant\u00f3n Paz M\u00edguez 7 &#8211; 15940 Pobra do Carami\u00f1al (A Coru\u00f1a) with CIF B70599063. You can share [&hellip;]<\/p>\n","protected":false},"author":1,"featured_media":4438,"parent":4676,"menu_order":0,"comment_status":"closed","ping_status":"closed","template":"","meta":{"_acf_changed":false,"footnotes":""},"class_list":["post-4678","page","type-page","status-publish","has-post-thumbnail","hentry"],"acf":[],"_links":{"self":[{"href":"https:\/\/pincheiro.es\/en\/wp-json\/wp\/v2\/pages\/4678","targetHints":{"allow":["GET"]}}],"collection":[{"href":"https:\/\/pincheiro.es\/en\/wp-json\/wp\/v2\/pages"}],"about":[{"href":"https:\/\/pincheiro.es\/en\/wp-json\/wp\/v2\/types\/page"}],"author":[{"embeddable":true,"href":"https:\/\/pincheiro.es\/en\/wp-json\/wp\/v2\/users\/1"}],"replies":[{"embeddable":true,"href":"https:\/\/pincheiro.es\/en\/wp-json\/wp\/v2\/comments?post=4678"}],"version-history":[{"count":0,"href":"https:\/\/pincheiro.es\/en\/wp-json\/wp\/v2\/pages\/4678\/revisions"}],"up":[{"embeddable":true,"href":"https:\/\/pincheiro.es\/en\/wp-json\/wp\/v2\/pages\/4676"}],"wp:featuredmedia":[{"embeddable":true,"href":"https:\/\/pincheiro.es\/en\/wp-json\/wp\/v2\/media\/4438"}],"wp:attachment":[{"href":"https:\/\/pincheiro.es\/en\/wp-json\/wp\/v2\/media?parent=4678"}],"curies":[{"name":"wp","href":"https:\/\/api.w.org\/{rel}","templated":true}]}}