{"id":4684,"date":"2020-12-28T23:39:07","date_gmt":"2020-12-28T22:39:07","guid":{"rendered":"https:\/\/pincheiro.es\/privacy-center\/company-data\/"},"modified":"2021-04-29T19:25:00","modified_gmt":"2021-04-29T17:25:00","slug":"company-data","status":"publish","type":"page","link":"https:\/\/pincheiro.es\/en\/privacy-center\/company-data\/","title":{"rendered":"Company Data"},"content":{"rendered":"<p style=\"text-align: center;\"><img loading=\"lazy\" decoding=\"async\" class=\"aligncenter size-full wp-image-4442\" src=\"https:\/\/pincheiro.es\/wp-content\/uploads\/2020\/12\/Logo_Newletter-1.png\" alt=\"\" width=\"768\" height=\"232\" srcset=\"https:\/\/pincheiro.es\/wp-content\/uploads\/2020\/12\/Logo_Newletter-1.png 768w, https:\/\/pincheiro.es\/wp-content\/uploads\/2020\/12\/Logo_Newletter-1-300x91.png 300w, https:\/\/pincheiro.es\/wp-content\/uploads\/2020\/12\/Logo_Newletter-1-70x21.png 70w, https:\/\/pincheiro.es\/wp-content\/uploads\/2020\/12\/Logo_Newletter-1-600x181.png 600w\" sizes=\"auto, (max-width: 768px) 100vw, 768px\" \/>PINCHEIRO APARTAMENTOS TUR\u00cdSTICOS S.L.<\/p>\n<p style=\"text-align: center;\">CIF: B70599063<\/p>\n<p style=\"text-align: center;\">Ant\u00f3n Paz M\u00edguez 7<\/p>\n<p style=\"text-align: center;\">15940 Pobra do Carami\u00f1al<\/p>\n<p style=\"text-align: center;\">A Coru\u00f1a<\/p>\n\n\n<p><\/p>\n","protected":false},"excerpt":{"rendered":"<p>PINCHEIRO APARTAMENTOS TUR\u00cdSTICOS S.L. CIF: B70599063 Ant\u00f3n Paz M\u00edguez 7 15940 Pobra do Carami\u00f1al A Coru\u00f1a<\/p>\n","protected":false},"author":1,"featured_media":4438,"parent":4676,"menu_order":0,"comment_status":"closed","ping_status":"closed","template":"","meta":{"_acf_changed":false,"footnotes":""},"class_list":["post-4684","page","type-page","status-publish","has-post-thumbnail","hentry"],"acf":[],"_links":{"self":[{"href":"https:\/\/pincheiro.es\/en\/wp-json\/wp\/v2\/pages\/4684","targetHints":{"allow":["GET"]}}],"collection":[{"href":"https:\/\/pincheiro.es\/en\/wp-json\/wp\/v2\/pages"}],"about":[{"href":"https:\/\/pincheiro.es\/en\/wp-json\/wp\/v2\/types\/page"}],"author":[{"embeddable":true,"href":"https:\/\/pincheiro.es\/en\/wp-json\/wp\/v2\/users\/1"}],"replies":[{"embeddable":true,"href":"https:\/\/pincheiro.es\/en\/wp-json\/wp\/v2\/comments?post=4684"}],"version-history":[{"count":0,"href":"https:\/\/pincheiro.es\/en\/wp-json\/wp\/v2\/pages\/4684\/revisions"}],"up":[{"embeddable":true,"href":"https:\/\/pincheiro.es\/en\/wp-json\/wp\/v2\/pages\/4676"}],"wp:featuredmedia":[{"embeddable":true,"href":"https:\/\/pincheiro.es\/en\/wp-json\/wp\/v2\/media\/4438"}],"wp:attachment":[{"href":"https:\/\/pincheiro.es\/en\/wp-json\/wp\/v2\/media?parent=4684"}],"curies":[{"name":"wp","href":"https:\/\/api.w.org\/{rel}","templated":true}]}}