{"id":4686,"date":"2020-12-28T23:51:07","date_gmt":"2020-12-28T22:51:07","guid":{"rendered":"https:\/\/pincheiro.es\/privacy-center\/disclaimer-legal-notice\/"},"modified":"2021-04-29T19:17:08","modified_gmt":"2021-04-29T17:17:08","slug":"disclaimer-legal-notice","status":"publish","type":"page","link":"https:\/\/pincheiro.es\/en\/privacy-center\/disclaimer-legal-notice\/","title":{"rendered":"Disclaimer &#8211; Legal Notice"},"content":{"rendered":"<div class=\"wpb-content-wrapper\"><p>[vc_row][vc_column][vc_column_text css=&#8221;{}&#8221; uniqid=&#8221;5fe90bee80e96&#8243;]<\/p>\r\n<h4 style=\"text-align: center;\">LEGAL NOTICE &#8211; DISCLAIMER<\/h4>\r\n<h4 style=\"text-align: center;\">PINCHEIRO APARTAMENTOS TUR\u00cdSTICOS, S.L.<\/h4>\r\n<p><strong>Personal Data Protection Law<\/strong><br \/>In accordance with the provisions of Regulation (EU) 2016\/679 of the European Parliament on the Protection of Personal Data, the Client \/ User is informed that the personal data you provide will be included in a Register of Activities owned by PINCHEIRO APARTAMENTOS TUR\u00cdSTICOS, S.L., in order to perform a proper management of the business relationship, as well as to inform you of news, products and \/ or services by both written and electronic channels.<\/p>\r\n<p>The Internet pages of www.pincheiro.es may contain links to other third party pages that www.pincheiro.es cannot control. Therefore, www.pincheiro.es can&#8217;t assume responsibility for the content that may appear on third party pages.<\/p>\r\n<p class=\"rtejustify\">The images (videos and photography), animations, software and the rest of the content included in this website are the exclusive property of www.pincheiro.es or its licensors. Any act of transmission, distribution, assignment, reproduction, storage or total or partial public communication must have the express consent of www.pincheiro.es.<\/p>\r\n<p>You may at any time revoke your consent to the sending of electronic commercial communications by sending an email to gdpr@pincheiro.es.<br \/>Finally, we inform you that you can exercise your rights of access, rectification, cancellation and\/or opposition, limitation of treatment, and portability, as well as revocation of the given consent, by writing to PINCHEIRO APARTAMENTOS TUR\u00cdSTICOS, S.L. sita en C\/ ANT\u00d3N PAZ M\u00cdGUEZ, 7 15940 &#8211; A CORU\u00d1A .<\/p>\r\n<p><strong>Law on Information Services and Electronic Commerce:<\/strong><br \/>According to Law 34\/2002, of 11 July, on Information Society Services and Electronic Commerce, the following data are communicated on the domain www.pincheiro.es<\/p>\r\n<p style=\"text-align: center;\"><strong>DOMAIN OWNER:<\/strong><br \/>PINCHEIRO APARTAMENTOS TUR\u00cdSTICOS, S.L.<br \/>CIF: B70599063<br \/><strong>Address:<\/strong><br \/>C\/ ANT\u00d3N PAZ M\u00cdGUEZ, 7<br \/>15940 \u2013 A CORU\u00d1A (Coru\u00f1a, A)<br \/><strong>email:<\/strong> pincheiro@pincheiro.es<br \/><strong>Domain Name:<\/strong><br \/>pincheiro.es<\/p>\r\n<p><\/p>\r\n<p>&nbsp;<\/p>\r\n<p>[\/vc_column_text][\/vc_column][\/vc_row]<\/p><\/div>","protected":false},"excerpt":{"rendered":"<p>[vc_row][vc_column][vc_column_text css=&#8221;{}&#8221; uniqid=&#8221;5fe90bee80e96&#8243;] LEGAL NOTICE &#8211; DISCLAIMER PINCHEIRO APARTAMENTOS TUR\u00cdSTICOS, S.L. Personal Data Protection LawIn accordance with the provisions of Regulation (EU) 2016\/679 of the European Parliament on the Protection of Personal Data, the Client \/ User is informed that the personal data you provide will be included in a Register of Activities owned by [&hellip;]<\/p>\n","protected":false},"author":1,"featured_media":4332,"parent":4676,"menu_order":0,"comment_status":"closed","ping_status":"closed","template":"","meta":{"_acf_changed":false,"footnotes":""},"class_list":["post-4686","page","type-page","status-publish","has-post-thumbnail","hentry"],"acf":[],"_links":{"self":[{"href":"https:\/\/pincheiro.es\/en\/wp-json\/wp\/v2\/pages\/4686","targetHints":{"allow":["GET"]}}],"collection":[{"href":"https:\/\/pincheiro.es\/en\/wp-json\/wp\/v2\/pages"}],"about":[{"href":"https:\/\/pincheiro.es\/en\/wp-json\/wp\/v2\/types\/page"}],"author":[{"embeddable":true,"href":"https:\/\/pincheiro.es\/en\/wp-json\/wp\/v2\/users\/1"}],"replies":[{"embeddable":true,"href":"https:\/\/pincheiro.es\/en\/wp-json\/wp\/v2\/comments?post=4686"}],"version-history":[{"count":0,"href":"https:\/\/pincheiro.es\/en\/wp-json\/wp\/v2\/pages\/4686\/revisions"}],"up":[{"embeddable":true,"href":"https:\/\/pincheiro.es\/en\/wp-json\/wp\/v2\/pages\/4676"}],"wp:featuredmedia":[{"embeddable":true,"href":"https:\/\/pincheiro.es\/en\/wp-json\/wp\/v2\/media\/4332"}],"wp:attachment":[{"href":"https:\/\/pincheiro.es\/en\/wp-json\/wp\/v2\/media?parent=4686"}],"curies":[{"name":"wp","href":"https:\/\/api.w.org\/{rel}","templated":true}]}}