{"id":5356,"date":"2021-03-09T16:28:15","date_gmt":"2021-03-09T15:28:15","guid":{"rendered":"https:\/\/pincheiro.es\/routes\/"},"modified":"2025-05-18T14:47:19","modified_gmt":"2025-05-18T12:47:19","slug":"routes","status":"publish","type":"page","link":"https:\/\/pincheiro.es\/en\/routes\/","title":{"rendered":"Routes"},"content":{"rendered":"<div class=\"wpb-content-wrapper\"><p>[vc_row full_width=&#8221;stretch_row_content_no_spaces&#8221; uniqid=&#8221;5eea14ea24b7c&#8221;][vc_column]\t\t<div class=\"image-slider-block image-slider-5ee9b5de712d5\">\n\t\t\t\t\t\t\t<div class=\"swiper-container\">\n\t\t\t\t\t\t\t\t\t\t<div class=\"swiper-wrapper\">\n\t\t\t\t\t\t\t\t\t\t\t\t\t<div class=\"swiper-slide\" style=\"background-image: url(https:\/\/pincheiro.es\/wp-content\/uploads\/2021\/03\/Ruta1.jpg);\"><\/div>\n\t\t\t\t\t\t\t\t\t\t\t<\/div>\n\t\t\t\t\t<div class=\"progress-line\"><div><\/div><\/div>\n\t\t\t\t<\/div>\n\t\t\t\t\t\t<div class=\"content-block\">\n\t\t\t\t<div class=\"container\">\n\t\t\t\t\t<div class=\"content\">\n\t\t\t\t\t\t\t\t\t\t\t\t\t<h2 class=\"heading\">Rutas<\/h2>\n\t\t\t\t\t\t\t\t\t\t\t\t\t<div class=\"text\">Do you love nature? Do you want to experience something new?<br \/> The routes we offer will leave you breathless. What are you waiting for?<\/div>\n\t\t\t\t\t\t\t\t\t\t\t<\/div>\n\t\t\t\t\t<div class=\"right\">\n\t\t\t\t\t\t\t\t\t\t\t\t<div class=\"bottom\">\n\t\t\t\t\t\t\t\t\t\t\t\t\t<\/div>\n\t\t\t\t\t<\/div>\n\t\t\t\t<\/div>\n\t\t\t<\/div>\n\t\t<\/div>\n\t\t[\/vc_column][\/vc_row][vc_row full_width=&#8221;stretch_row&#8221; gradient_overlay=&#8221;on&#8221; uniqid=&#8221;5eeb60dd228e3&#8243; background_color=&#8221;#f0ece7&#8243; background_offset_bottom=&#8221;90px&#8221; css=&#8221;{&#8220;mobile_portrait&#8220;: {&#8220;padding-top&#8220;: &#8220;60&#8220;}}&#8221; gradient_overlay_start_hex=&#8221;#ffffff&#8221; gradient_overlay_end_hex=&#8221;#419e31&#8243;][vc_column]\t\t\t\t<div class=\"blog-carousel blog-5efd72bf549c4\">\n\t\t\t\t\t<div class=\"carousel-nav\">\n\t\t\t\t\t\t\t\t\t\t\t\t\t<div class=\"prev base-icon-prev-2\"><\/div>\n\t\t\t\t\t\t\t<div class=\"next base-icon-next-2\"><\/div>\n\t\t\t\t\t\t\t\t\t\t\t<\/div>\n\t\t\t\t\t<div class=\"swiper-container\">\n\t\t\t\t\t\t<div class=\"swiper-wrapper\">\n\t\t\t\t\t\t\t\t\t\t\t\t\t\t\t<div class=\"swiper-slide\">\t\t\t<article class=\"blog-item category-route istp-item\">\n\t\t\t\t<div class=\"wrap\">\n\t\t\t\t\t\t\t\t\t\t\t<div class=\"img\">\n\t\t\t\t\t\t\t\t\t\t\t\t\t\t\t<div class=\"author-info-block\">\n\t\t\t\t\t\t\t\t\t<div class=\"avatar\" style=\"background-image: url(https:\/\/pincheiro.es\/wp-content\/uploads\/2020\/11\/logo_pequeno-100x100.png)\"><\/div>\n\t\t\t\t\t\t\t\t\t<div class=\"content\">\n\t\t\t\t\t\t\t\t\t\t<div class=\"name\">Pincheiro<\/div>\n\t\t\t\t\t\t\t\t\t\t\t\t\t\t\t\t\t\t\t\t\t<div class=\"date\">4 de May de 2021<\/div>\n\t\t\t\t\t\t\t\t\t\t\t\t\t\t\t\t\t\t\t<\/div>\n\t\t\t\t\t\t\t\t<\/div>\n\t\t\t\t\t\t\t\t\t\t\t\t\t\t\t<a href=\"https:\/\/pincheiro.es\/en\/dolmens-route\/\" style=\"background-image: url(https:\/\/pincheiro.es\/wp-content\/uploads\/2021\/05\/Mamoas_Noche-1024x684.jpg)\"><\/a>\n\t\t\t\t\t\t\t\t\t\t\t\t\t<\/div>\n\t\t\t\t\t\t\t\t\t\t\t<div class=\"categories\">Route<\/div>\n\t\t\t\t\t\t\t\t\t\t\t<a class=\"title\" href=\"https:\/\/pincheiro.es\/en\/dolmens-route\/\">DOLMENS ROUTE<\/a>\n\t\t\t\t\t\t\t\t\t\t\t<div class=\"desc\">To speak of dolmens is to make present its environment, that is, the Sierra del Barbanza or great mountain in whose skirts of t...<\/div>\n\t\t\t\t\t\t\t\t\t\t\t<div class=\"button\">\n\t\t\t\t\t\t\t<a href=\"https:\/\/pincheiro.es\/en\/dolmens-route\/\" class=\"readmore-link button-style2\">\n\t\t\t\t\t\t\t\t<span>Read more<\/span>\n\t\t\t\t\t\t\t\t<i class=\"base-icon-next-2\"><\/i>\n\t\t\t\t\t\t\t<\/a>\n\t\t\t\t\t\t<\/div>\n\t\t\t\t\t\t\t\t\t<\/div>\n\t\t\t<\/article>\n\t\t<\/div>\n\t\t\t\t\t\t\t\t\t\t\t\t\t\t\t<div class=\"swiper-slide\">\t\t\t<article class=\"blog-item category-route istp-item\">\n\t\t\t\t<div class=\"wrap\">\n\t\t\t\t\t\t\t\t\t\t\t<div class=\"img\">\n\t\t\t\t\t\t\t\t\t\t\t\t\t\t\t<div class=\"author-info-block\">\n\t\t\t\t\t\t\t\t\t<div class=\"avatar\" style=\"background-image: url(https:\/\/pincheiro.es\/wp-content\/uploads\/2020\/11\/logo_pequeno-100x100.png)\"><\/div>\n\t\t\t\t\t\t\t\t\t<div class=\"content\">\n\t\t\t\t\t\t\t\t\t\t<div class=\"name\">Pincheiro<\/div>\n\t\t\t\t\t\t\t\t\t\t\t\t\t\t\t\t\t\t\t\t\t<div class=\"date\">4 de May de 2021<\/div>\n\t\t\t\t\t\t\t\t\t\t\t\t\t\t\t\t\t\t\t<\/div>\n\t\t\t\t\t\t\t\t<\/div>\n\t\t\t\t\t\t\t\t\t\t\t\t\t\t\t<a href=\"https:\/\/pincheiro.es\/en\/petroglyphs-route-communication-and-mystery\/\" style=\"background-image: url(https:\/\/pincheiro.es\/wp-content\/uploads\/2021\/03\/Ruta2-1024x684.jpg)\"><\/a>\n\t\t\t\t\t\t\t\t\t\t\t\t\t<\/div>\n\t\t\t\t\t\t\t\t\t\t\t<div class=\"categories\">Route<\/div>\n\t\t\t\t\t\t\t\t\t\t\t<a class=\"title\" href=\"https:\/\/pincheiro.es\/en\/petroglyphs-route-communication-and-mystery\/\">PETROGLYPHS ROUTE<\/a>\n\t\t\t\t\t\t\t\t\t\t\t<div class=\"desc\">The petroglyphs, especially concentrated in the municipality of Porto do Son, are scattered throughout the slopes of Mount Barb...<\/div>\n\t\t\t\t\t\t\t\t\t\t\t<div class=\"button\">\n\t\t\t\t\t\t\t<a href=\"https:\/\/pincheiro.es\/en\/petroglyphs-route-communication-and-mystery\/\" class=\"readmore-link button-style2\">\n\t\t\t\t\t\t\t\t<span>Read more<\/span>\n\t\t\t\t\t\t\t\t<i class=\"base-icon-next-2\"><\/i>\n\t\t\t\t\t\t\t<\/a>\n\t\t\t\t\t\t<\/div>\n\t\t\t\t\t\t\t\t\t<\/div>\n\t\t\t<\/article>\n\t\t<\/div>\n\t\t\t\t\t\t\t\t\t\t\t\t\t\t\t<div class=\"swiper-slide\">\t\t\t<article class=\"blog-item category-route istp-item\">\n\t\t\t\t<div class=\"wrap\">\n\t\t\t\t\t\t\t\t\t\t\t<div class=\"img\">\n\t\t\t\t\t\t\t\t\t\t\t\t\t\t\t<div class=\"author-info-block\">\n\t\t\t\t\t\t\t\t\t<div class=\"avatar\" style=\"background-image: url(https:\/\/pincheiro.es\/wp-content\/uploads\/2020\/11\/logo_pequeno-100x100.png)\"><\/div>\n\t\t\t\t\t\t\t\t\t<div class=\"content\">\n\t\t\t\t\t\t\t\t\t\t<div class=\"name\">Pincheiro<\/div>\n\t\t\t\t\t\t\t\t\t\t\t\t\t\t\t\t\t\t\t\t\t<div class=\"date\">4 de May de 2021<\/div>\n\t\t\t\t\t\t\t\t\t\t\t\t\t\t\t\t\t\t\t<\/div>\n\t\t\t\t\t\t\t\t<\/div>\n\t\t\t\t\t\t\t\t\t\t\t\t\t\t\t<a href=\"https:\/\/pincheiro.es\/en\/route-of-the-laudas-a-dialogue-with-history\/\" style=\"background-image: url(https:\/\/pincheiro.es\/wp-content\/uploads\/2021\/05\/Laudas-1024x684.jpg)\"><\/a>\n\t\t\t\t\t\t\t\t\t\t\t\t\t<\/div>\n\t\t\t\t\t\t\t\t\t\t\t<div class=\"categories\">Route<\/div>\n\t\t\t\t\t\t\t\t\t\t\t<a class=\"title\" href=\"https:\/\/pincheiro.es\/en\/route-of-the-laudas-a-dialogue-with-history\/\">ROUTE OF THE LAUDAS<\/a>\n\t\t\t\t\t\t\t\t\t\t\t<div class=\"desc\">The historical town of Noia preserves in the center a unique museum in the world: The museum of \"guild\" tombstones (Laudas), ex...<\/div>\n\t\t\t\t\t\t\t\t\t\t\t<div class=\"button\">\n\t\t\t\t\t\t\t<a href=\"https:\/\/pincheiro.es\/en\/route-of-the-laudas-a-dialogue-with-history\/\" class=\"readmore-link button-style2\">\n\t\t\t\t\t\t\t\t<span>Read more<\/span>\n\t\t\t\t\t\t\t\t<i class=\"base-icon-next-2\"><\/i>\n\t\t\t\t\t\t\t<\/a>\n\t\t\t\t\t\t<\/div>\n\t\t\t\t\t\t\t\t\t<\/div>\n\t\t\t<\/article>\n\t\t<\/div>\n\t\t\t\t\t\t\t\t\t\t\t\t\t\t\t<div class=\"swiper-slide\">\t\t\t<article class=\"blog-item category-route istp-item\">\n\t\t\t\t<div class=\"wrap\">\n\t\t\t\t\t\t\t\t\t\t\t<div class=\"img\">\n\t\t\t\t\t\t\t\t\t\t\t\t\t\t\t<div class=\"author-info-block\">\n\t\t\t\t\t\t\t\t\t<div class=\"avatar\" style=\"background-image: url(https:\/\/pincheiro.es\/wp-content\/uploads\/2020\/11\/logo_pequeno-100x100.png)\"><\/div>\n\t\t\t\t\t\t\t\t\t<div class=\"content\">\n\t\t\t\t\t\t\t\t\t\t<div class=\"name\">Pincheiro<\/div>\n\t\t\t\t\t\t\t\t\t\t\t\t\t\t\t\t\t\t\t\t\t<div class=\"date\">6 de May de 2021<\/div>\n\t\t\t\t\t\t\t\t\t\t\t\t\t\t\t\t\t\t\t<\/div>\n\t\t\t\t\t\t\t\t<\/div>\n\t\t\t\t\t\t\t\t\t\t\t\t\t\t\t<a href=\"https:\/\/pincheiro.es\/en\/route-xunqueiras-and-the-royal-estate\/\" style=\"background-image: url(https:\/\/pincheiro.es\/wp-content\/uploads\/2019\/04\/pazos-1024x684.jpg)\"><\/a>\n\t\t\t\t\t\t\t\t\t\t\t\t\t<\/div>\n\t\t\t\t\t\t\t\t\t\t\t<div class=\"categories\">Route<\/div>\n\t\t\t\t\t\t\t\t\t\t\t<a class=\"title\" href=\"https:\/\/pincheiro.es\/en\/route-xunqueiras-and-the-royal-estate\/\">ROUTE: XUNQUEIRAS AND THE ROYAL ESTATE<\/a>\n\t\t\t\t\t\t\t\t\t\t\t<div class=\"desc\">Pobra do Carami\u00f1al is the result of the merger of two municipalities in the 19th century, in 1822: Pobra del De\u00e1n (also known a...<\/div>\n\t\t\t\t\t\t\t\t\t\t\t<div class=\"button\">\n\t\t\t\t\t\t\t<a href=\"https:\/\/pincheiro.es\/en\/route-xunqueiras-and-the-royal-estate\/\" class=\"readmore-link button-style2\">\n\t\t\t\t\t\t\t\t<span>Read more<\/span>\n\t\t\t\t\t\t\t\t<i class=\"base-icon-next-2\"><\/i>\n\t\t\t\t\t\t\t<\/a>\n\t\t\t\t\t\t<\/div>\n\t\t\t\t\t\t\t\t\t<\/div>\n\t\t\t<\/article>\n\t\t<\/div>\n\t\t\t\t\t\t\t\t\t\t\t\t\t\t\t<div class=\"swiper-slide\">\t\t\t<article class=\"blog-item category-route istp-item\">\n\t\t\t\t<div class=\"wrap\">\n\t\t\t\t\t\t\t\t\t\t\t<div class=\"img\">\n\t\t\t\t\t\t\t\t\t\t\t\t\t\t\t<div class=\"author-info-block\">\n\t\t\t\t\t\t\t\t\t<div class=\"avatar\" style=\"background-image: url(https:\/\/pincheiro.es\/wp-content\/uploads\/2020\/11\/logo_pequeno-100x100.png)\"><\/div>\n\t\t\t\t\t\t\t\t\t<div class=\"content\">\n\t\t\t\t\t\t\t\t\t\t<div class=\"name\">Pincheiro<\/div>\n\t\t\t\t\t\t\t\t\t\t\t\t\t\t\t\t\t\t\t\t\t<div class=\"date\">6 de May de 2021<\/div>\n\t\t\t\t\t\t\t\t\t\t\t\t\t\t\t\t\t\t\t<\/div>\n\t\t\t\t\t\t\t\t<\/div>\n\t\t\t\t\t\t\t\t\t\t\t\t\t\t\t<a href=\"https:\/\/pincheiro.es\/en\/route-castelo-del-dean-and-the-apocalypse\/\" style=\"background-image: url(https:\/\/pincheiro.es\/wp-content\/uploads\/2021\/05\/Capilla_alba-1024x684.jpg)\"><\/a>\n\t\t\t\t\t\t\t\t\t\t\t\t\t<\/div>\n\t\t\t\t\t\t\t\t\t\t\t<div class=\"categories\">Route<\/div>\n\t\t\t\t\t\t\t\t\t\t\t<a class=\"title\" href=\"https:\/\/pincheiro.es\/en\/route-castelo-del-dean-and-the-apocalypse\/\">ROUTE: CASTELO DEL DE\u00c1N AND THE APOCALYPSE<\/a>\n\t\t\t\t\t\t\t\t\t\t\t<div class=\"desc\">Pobra do Carami\u00f1al is the result of the merger of two municipalities in 1822: La Pobra del De\u00e1n (Castelo) and Villa del Carami\u00f1al.<\/div>\n\t\t\t\t\t\t\t\t\t\t\t<div class=\"button\">\n\t\t\t\t\t\t\t<a href=\"https:\/\/pincheiro.es\/en\/route-castelo-del-dean-and-the-apocalypse\/\" class=\"readmore-link button-style2\">\n\t\t\t\t\t\t\t\t<span>Read more<\/span>\n\t\t\t\t\t\t\t\t<i class=\"base-icon-next-2\"><\/i>\n\t\t\t\t\t\t\t<\/a>\n\t\t\t\t\t\t<\/div>\n\t\t\t\t\t\t\t\t\t<\/div>\n\t\t\t<\/article>\n\t\t<\/div>\n\t\t\t\t\t\t\t\t\t\t\t\t\t\t\t<div class=\"swiper-slide\">\t\t\t<article class=\"blog-item category-route istp-item\">\n\t\t\t\t<div class=\"wrap\">\n\t\t\t\t\t\t\t\t\t\t\t<div class=\"img\">\n\t\t\t\t\t\t\t\t\t\t\t\t\t\t\t<div class=\"author-info-block\">\n\t\t\t\t\t\t\t\t\t<div class=\"avatar\" style=\"background-image: url(https:\/\/pincheiro.es\/wp-content\/uploads\/2020\/11\/logo_pequeno-100x100.png)\"><\/div>\n\t\t\t\t\t\t\t\t\t<div class=\"content\">\n\t\t\t\t\t\t\t\t\t\t<div class=\"name\">Pincheiro<\/div>\n\t\t\t\t\t\t\t\t\t\t\t\t\t\t\t\t\t\t\t\t\t<div class=\"date\">15 de May de 2021<\/div>\n\t\t\t\t\t\t\t\t\t\t\t\t\t\t\t\t\t\t\t<\/div>\n\t\t\t\t\t\t\t\t<\/div>\n\t\t\t\t\t\t\t\t\t\t\t\t\t\t\t<a href=\"https:\/\/pincheiro.es\/en\/caraminal-pincheiros-and-the-sea\/\" style=\"background-image: url(https:\/\/pincheiro.es\/wp-content\/uploads\/2021\/03\/Pobra2-1024x684.jpg)\"><\/a>\n\t\t\t\t\t\t\t\t\t\t\t\t\t<\/div>\n\t\t\t\t\t\t\t\t\t\t\t<div class=\"categories\">Route<\/div>\n\t\t\t\t\t\t\t\t\t\t\t<a class=\"title\" href=\"https:\/\/pincheiro.es\/en\/caraminal-pincheiros-and-the-sea\/\">CARAMI\u00d1AL - PINCHEIROS AND THE SEA<\/a>\n\t\t\t\t\t\t\t\t\t\t\t<div class=\"desc\">The birth of Pobra do Carami\u00f1al as a unified municipality in 1822 was not easy, so it took decades to materialize: La Villa del...<\/div>\n\t\t\t\t\t\t\t\t\t\t\t<div class=\"button\">\n\t\t\t\t\t\t\t<a href=\"https:\/\/pincheiro.es\/en\/caraminal-pincheiros-and-the-sea\/\" class=\"readmore-link button-style2\">\n\t\t\t\t\t\t\t\t<span>Read more<\/span>\n\t\t\t\t\t\t\t\t<i class=\"base-icon-next-2\"><\/i>\n\t\t\t\t\t\t\t<\/a>\n\t\t\t\t\t\t<\/div>\n\t\t\t\t\t\t\t\t\t<\/div>\n\t\t\t<\/article>\n\t\t<\/div>\n\t\t\t\t\t\t\t\t\t\t\t\t\t\t\t<div class=\"swiper-slide\">\t\t\t<article class=\"blog-item category-route istp-item\">\n\t\t\t\t<div class=\"wrap\">\n\t\t\t\t\t\t\t\t\t\t\t<div class=\"img\">\n\t\t\t\t\t\t\t\t\t\t\t\t\t\t\t<div class=\"author-info-block\">\n\t\t\t\t\t\t\t\t\t<div class=\"avatar\" style=\"background-image: url(https:\/\/pincheiro.es\/wp-content\/uploads\/2020\/11\/logo_pequeno-100x100.png)\"><\/div>\n\t\t\t\t\t\t\t\t\t<div class=\"content\">\n\t\t\t\t\t\t\t\t\t\t<div class=\"name\">Pincheiro<\/div>\n\t\t\t\t\t\t\t\t\t\t\t\t\t\t\t\t\t\t\t\t\t<div class=\"date\">15 de May de 2021<\/div>\n\t\t\t\t\t\t\t\t\t\t\t\t\t\t\t\t\t\t\t<\/div>\n\t\t\t\t\t\t\t\t<\/div>\n\t\t\t\t\t\t\t\t\t\t\t\t\t\t\t<a href=\"https:\/\/pincheiro.es\/en\/charming-traditional-galician-places\/\" style=\"background-image: url(https:\/\/pincheiro.es\/wp-content\/uploads\/2021\/05\/Iglesia_Xunho-1024x684.jpg)\"><\/a>\n\t\t\t\t\t\t\t\t\t\t\t\t\t<\/div>\n\t\t\t\t\t\t\t\t\t\t\t<div class=\"categories\">Route<\/div>\n\t\t\t\t\t\t\t\t\t\t\t<a class=\"title\" href=\"https:\/\/pincheiro.es\/en\/charming-traditional-galician-places\/\">CHARMING TRADITIONAL GALICIAN PLACES<\/a>\n\t\t\t\t\t\t\t\t\t\t\t<div class=\"desc\">This route proposes a tour of three traditional Galician church buildings located in the municipality of Porto do Son: Church o...<\/div>\n\t\t\t\t\t\t\t\t\t\t\t<div class=\"button\">\n\t\t\t\t\t\t\t<a href=\"https:\/\/pincheiro.es\/en\/charming-traditional-galician-places\/\" class=\"readmore-link button-style2\">\n\t\t\t\t\t\t\t\t<span>Read more<\/span>\n\t\t\t\t\t\t\t\t<i class=\"base-icon-next-2\"><\/i>\n\t\t\t\t\t\t\t<\/a>\n\t\t\t\t\t\t<\/div>\n\t\t\t\t\t\t\t\t\t<\/div>\n\t\t\t<\/article>\n\t\t<\/div>\n\t\t\t\t\t\t\t\t\t\t\t\t\t<\/div>\n\t\t\t\t\t<\/div>\n\t\t\t\t<\/div>\n\t\t\t[\/vc_column][\/vc_row]<\/p>\n<\/div>","protected":false},"excerpt":{"rendered":"<p>[vc_row full_width=&#8221;stretch_row_content_no_spaces&#8221; uniqid=&#8221;5eea14ea24b7c&#8221;][vc_column][\/vc_column][\/vc_row][vc_row full_width=&#8221;stretch_row&#8221; gradient_overlay=&#8221;on&#8221; uniqid=&#8221;5eeb60dd228e3&#8243; background_color=&#8221;#f0ece7&#8243; background_offset_bottom=&#8221;90px&#8221; css=&#8221;{&#8220;mobile_portrait&#8220;: {&#8220;padding-top&#8220;: &#8220;60&#8220;}}&#8221; gradient_overlay_start_hex=&#8221;#ffffff&#8221; gradient_overlay_end_hex=&#8221;#419e31&#8243;][vc_column][\/vc_column][\/vc_row]<\/p>\n","protected":false},"author":1,"featured_media":0,"parent":0,"menu_order":0,"comment_status":"closed","ping_status":"closed","template":"template-landing.php","meta":{"_acf_changed":false,"footnotes":""},"class_list":["post-5356","page","type-page","status-publish","hentry"],"acf":[],"_links":{"self":[{"href":"https:\/\/pincheiro.es\/en\/wp-json\/wp\/v2\/pages\/5356","targetHints":{"allow":["GET"]}}],"collection":[{"href":"https:\/\/pincheiro.es\/en\/wp-json\/wp\/v2\/pages"}],"about":[{"href":"https:\/\/pincheiro.es\/en\/wp-json\/wp\/v2\/types\/page"}],"author":[{"embeddable":true,"href":"https:\/\/pincheiro.es\/en\/wp-json\/wp\/v2\/users\/1"}],"replies":[{"embeddable":true,"href":"https:\/\/pincheiro.es\/en\/wp-json\/wp\/v2\/comments?post=5356"}],"version-history":[{"count":3,"href":"https:\/\/pincheiro.es\/en\/wp-json\/wp\/v2\/pages\/5356\/revisions"}],"predecessor-version":[{"id":7615,"href":"https:\/\/pincheiro.es\/en\/wp-json\/wp\/v2\/pages\/5356\/revisions\/7615"}],"wp:attachment":[{"href":"https:\/\/pincheiro.es\/en\/wp-json\/wp\/v2\/media?parent=5356"}],"curies":[{"name":"wp","href":"https:\/\/api.w.org\/{rel}","templated":true}]}}